{"id":96,"date":"2025-01-01T15:08:30","date_gmt":"2025-01-01T14:08:30","guid":{"rendered":"https:\/\/les3clesdelame.com\/?page_id=96"},"modified":"2025-05-20T22:26:51","modified_gmt":"2025-05-20T20:26:51","slug":"reiki","status":"publish","type":"page","link":"https:\/\/les3clesdelame.com\/?page_id=96","title":{"rendered":"Reiki Usui"},"content":{"rendered":"\n<div class=\"wp-block-media-text is-stacked-on-mobile\" style=\"grid-template-columns:30% auto\"><figure class=\"wp-block-media-text__media\"><img loading=\"lazy\" decoding=\"async\" width=\"204\" height=\"270\" src=\"http:\/\/les3clesdelame.com\/wp-content\/uploads\/2025\/05\/a4647ec1-71e2-4368-a3ee-8213d5612f34.jpg\" alt=\"\" class=\"wp-image-383 size-full\"\/><\/figure><div class=\"wp-block-media-text__content\">\n<p>En tant que Ma\u00eetre enseignante, je canalise cette \u00e9nergie universelle douce et puissante pour r\u00e9\u00e9quilibrer vos centres \u00e9nerg\u00e9tiques, apaiser le mental et relancer la circulation de l\u2019\u00e9nergie vitale. Le Reiki agit sur tous les plans : physique, \u00e9motionnel, mental et spirituel.<\/p>\n<\/div><\/div>\n","protected":false},"excerpt":{"rendered":"<p>En tant que Ma\u00eetre enseignante, je canalise cette \u00e9nergie universelle douce et puissante pour r\u00e9\u00e9quilibrer vos centres \u00e9nerg\u00e9tiques, apaiser le mental et relancer la circulation de l\u2019\u00e9nergie vitale. Le Reiki agit sur tous les plans : physique, \u00e9motionnel, mental et spirituel.<\/p>\n","protected":false},"author":1,"featured_media":0,"parent":0,"menu_order":0,"comment_status":"closed","ping_status":"closed","template":"wp-custom-template-modele4","meta":{"footnotes":""},"class_list":["post-96","page","type-page","status-publish","hentry"],"_links":{"self":[{"href":"https:\/\/les3clesdelame.com\/index.php?rest_route=\/wp\/v2\/pages\/96","targetHints":{"allow":["GET"]}}],"collection":[{"href":"https:\/\/les3clesdelame.com\/index.php?rest_route=\/wp\/v2\/pages"}],"about":[{"href":"https:\/\/les3clesdelame.com\/index.php?rest_route=\/wp\/v2\/types\/page"}],"author":[{"embeddable":true,"href":"https:\/\/les3clesdelame.com\/index.php?rest_route=\/wp\/v2\/users\/1"}],"replies":[{"embeddable":true,"href":"https:\/\/les3clesdelame.com\/index.php?rest_route=%2Fwp%2Fv2%2Fcomments&post=96"}],"version-history":[{"count":20,"href":"https:\/\/les3clesdelame.com\/index.php?rest_route=\/wp\/v2\/pages\/96\/revisions"}],"predecessor-version":[{"id":554,"href":"https:\/\/les3clesdelame.com\/index.php?rest_route=\/wp\/v2\/pages\/96\/revisions\/554"}],"wp:attachment":[{"href":"https:\/\/les3clesdelame.com\/index.php?rest_route=%2Fwp%2Fv2%2Fmedia&parent=96"}],"curies":[{"name":"wp","href":"https:\/\/api.w.org\/{rel}","templated":true}]}}