{"id":666,"date":"2025-05-28T21:52:25","date_gmt":"2025-05-28T19:52:25","guid":{"rendered":"https:\/\/les3clesdelame.com\/?page_id=666"},"modified":"2025-05-28T21:52:26","modified_gmt":"2025-05-28T19:52:26","slug":"contact-avec-les-defunts-et-reunions-avec-les-defunts","status":"publish","type":"page","link":"https:\/\/les3clesdelame.com\/?page_id=666","title":{"rendered":"Contact avec les d\u00e9funts et r\u00e9unions avec les d\u00e9funts"},"content":{"rendered":"","protected":false},"excerpt":{"rendered":"","protected":false},"author":1,"featured_media":0,"parent":0,"menu_order":0,"comment_status":"closed","ping_status":"closed","template":"","meta":{"footnotes":""},"class_list":["post-666","page","type-page","status-publish","hentry"],"_links":{"self":[{"href":"https:\/\/les3clesdelame.com\/index.php?rest_route=\/wp\/v2\/pages\/666","targetHints":{"allow":["GET"]}}],"collection":[{"href":"https:\/\/les3clesdelame.com\/index.php?rest_route=\/wp\/v2\/pages"}],"about":[{"href":"https:\/\/les3clesdelame.com\/index.php?rest_route=\/wp\/v2\/types\/page"}],"author":[{"embeddable":true,"href":"https:\/\/les3clesdelame.com\/index.php?rest_route=\/wp\/v2\/users\/1"}],"replies":[{"embeddable":true,"href":"https:\/\/les3clesdelame.com\/index.php?rest_route=%2Fwp%2Fv2%2Fcomments&post=666"}],"version-history":[{"count":1,"href":"https:\/\/les3clesdelame.com\/index.php?rest_route=\/wp\/v2\/pages\/666\/revisions"}],"predecessor-version":[{"id":667,"href":"https:\/\/les3clesdelame.com\/index.php?rest_route=\/wp\/v2\/pages\/666\/revisions\/667"}],"wp:attachment":[{"href":"https:\/\/les3clesdelame.com\/index.php?rest_route=%2Fwp%2Fv2%2Fmedia&parent=666"}],"curies":[{"name":"wp","href":"https:\/\/api.w.org\/{rel}","templated":true}]}}