{"id":51,"date":"2025-01-01T15:08:54","date_gmt":"2025-01-01T14:08:54","guid":{"rendered":"https:\/\/les3clesdelame.com\/?page_id=51"},"modified":"2025-05-20T22:26:50","modified_gmt":"2025-05-20T20:26:50","slug":"formation-ateliers-et-evenements-varies","status":"publish","type":"page","link":"https:\/\/les3clesdelame.com\/?page_id=51","title":{"rendered":"Formations, Ateliers et \u00e9v\u00e9nements vari\u00e9s"},"content":{"rendered":"","protected":false},"excerpt":{"rendered":"","protected":false},"author":1,"featured_media":0,"parent":0,"menu_order":0,"comment_status":"closed","ping_status":"closed","template":"wp-custom-template-modele4","meta":{"footnotes":""},"class_list":["post-51","page","type-page","status-publish","hentry"],"_links":{"self":[{"href":"https:\/\/les3clesdelame.com\/index.php?rest_route=\/wp\/v2\/pages\/51","targetHints":{"allow":["GET"]}}],"collection":[{"href":"https:\/\/les3clesdelame.com\/index.php?rest_route=\/wp\/v2\/pages"}],"about":[{"href":"https:\/\/les3clesdelame.com\/index.php?rest_route=\/wp\/v2\/types\/page"}],"author":[{"embeddable":true,"href":"https:\/\/les3clesdelame.com\/index.php?rest_route=\/wp\/v2\/users\/1"}],"replies":[{"embeddable":true,"href":"https:\/\/les3clesdelame.com\/index.php?rest_route=%2Fwp%2Fv2%2Fcomments&post=51"}],"version-history":[{"count":2,"href":"https:\/\/les3clesdelame.com\/index.php?rest_route=\/wp\/v2\/pages\/51\/revisions"}],"predecessor-version":[{"id":269,"href":"https:\/\/les3clesdelame.com\/index.php?rest_route=\/wp\/v2\/pages\/51\/revisions\/269"}],"wp:attachment":[{"href":"https:\/\/les3clesdelame.com\/index.php?rest_route=%2Fwp%2Fv2%2Fmedia&parent=51"}],"curies":[{"name":"wp","href":"https:\/\/api.w.org\/{rel}","templated":true}]}}