{"id":49,"date":"2025-01-01T15:09:21","date_gmt":"2025-01-01T14:09:21","guid":{"rendered":"https:\/\/les3clesdelame.com\/?page_id=49"},"modified":"2025-05-20T22:40:42","modified_gmt":"2025-05-20T20:40:42","slug":"accompagnements","status":"publish","type":"page","link":"https:\/\/les3clesdelame.com\/?page_id=49","title":{"rendered":"Accompagnements"},"content":{"rendered":"\n<figure class=\"wp-block-image size-full\"><img loading=\"lazy\" decoding=\"async\" width=\"940\" height=\"788\" src=\"https:\/\/les3clesdelame.com\/wp-content\/uploads\/2025\/05\/cb62bd90-8abf-4ef1-a6aa-a02319d84931.jpeg\" alt=\"\" class=\"wp-image-616\" srcset=\"https:\/\/les3clesdelame.com\/wp-content\/uploads\/2025\/05\/cb62bd90-8abf-4ef1-a6aa-a02319d84931.jpeg 940w, https:\/\/les3clesdelame.com\/wp-content\/uploads\/2025\/05\/cb62bd90-8abf-4ef1-a6aa-a02319d84931-300x251.jpeg 300w, https:\/\/les3clesdelame.com\/wp-content\/uploads\/2025\/05\/cb62bd90-8abf-4ef1-a6aa-a02319d84931-768x644.jpeg 768w\" sizes=\"auto, (max-width: 940px) 100vw, 940px\" \/><\/figure>\n\n\n\n<p>Je vous accompagne dans un chemin de reconnexion profonde \u00e0 votre \u00eatre, pour retrouver le lien avec votre corps, vos \u00e9motions, votre intuition et votre essence. Cette reconnexion ouvre l\u2019espace pour une lib\u00e9ration en douceur des blocages int\u00e9rieurs, croyances limitantes et sch\u00e9mas inconscients qui freinent votre \u00e9lan de vie. Gr\u00e2ce \u00e0 une approche alliant soins \u00e9nerg\u00e9tiques, guidance intuitive, tirages de cartes, et de nombreux outils de d\u00e9veloppement personnel, je vous invite \u00e0 explorer en conscience la grande question : \u00ab Qui suis-je vraiment ? \u00bb Ce travail permet un alignement durable avec votre \u00e2me, vos valeurs et votre v\u00e9rit\u00e9 int\u00e9rieure, pour avancer vers une vie plus fluide, plus libre et pleinement habit\u00e9e.<\/p>\n","protected":false},"excerpt":{"rendered":"<p>Je vous accompagne dans un chemin de reconnexion profonde \u00e0 votre \u00eatre, pour retrouver le lien avec votre corps, vos \u00e9motions, votre intuition et votre essence. Cette reconnexion ouvre l\u2019espace pour une lib\u00e9ration en douceur des blocages int\u00e9rieurs, croyances limitantes et sch\u00e9mas inconscients qui freinent votre \u00e9lan de vie. Gr\u00e2ce \u00e0 une approche alliant soins [&hellip;]<\/p>\n","protected":false},"author":1,"featured_media":0,"parent":0,"menu_order":0,"comment_status":"closed","ping_status":"closed","template":"wp-custom-template-modele4","meta":{"footnotes":""},"class_list":["post-49","page","type-page","status-publish","hentry"],"_links":{"self":[{"href":"https:\/\/les3clesdelame.com\/index.php?rest_route=\/wp\/v2\/pages\/49","targetHints":{"allow":["GET"]}}],"collection":[{"href":"https:\/\/les3clesdelame.com\/index.php?rest_route=\/wp\/v2\/pages"}],"about":[{"href":"https:\/\/les3clesdelame.com\/index.php?rest_route=\/wp\/v2\/types\/page"}],"author":[{"embeddable":true,"href":"https:\/\/les3clesdelame.com\/index.php?rest_route=\/wp\/v2\/users\/1"}],"replies":[{"embeddable":true,"href":"https:\/\/les3clesdelame.com\/index.php?rest_route=%2Fwp%2Fv2%2Fcomments&post=49"}],"version-history":[{"count":4,"href":"https:\/\/les3clesdelame.com\/index.php?rest_route=\/wp\/v2\/pages\/49\/revisions"}],"predecessor-version":[{"id":617,"href":"https:\/\/les3clesdelame.com\/index.php?rest_route=\/wp\/v2\/pages\/49\/revisions\/617"}],"wp:attachment":[{"href":"https:\/\/les3clesdelame.com\/index.php?rest_route=%2Fwp%2Fv2%2Fmedia&parent=49"}],"curies":[{"name":"wp","href":"https:\/\/api.w.org\/{rel}","templated":true}]}}