{"id":307,"date":"2025-04-28T22:30:29","date_gmt":"2025-04-28T20:30:29","guid":{"rendered":"https:\/\/les3clesdelame.com\/?page_id=307"},"modified":"2025-05-28T22:25:57","modified_gmt":"2025-05-28T20:25:57","slug":"qui-suis-je","status":"publish","type":"page","link":"https:\/\/les3clesdelame.com\/","title":{"rendered":"Qui suis-je ?"},"content":{"rendered":"\n<p class=\"has-text-align-center has-xx-large-font-size\"><strong>Ev\u00e8nements \u00e0 venir :<\/strong><\/p>\n\n\n\n<div class=\"wp-block-columns is-layout-flex wp-container-core-columns-is-layout-28f84493 wp-block-columns-is-layout-flex\">\n<div class=\"wp-block-column is-layout-flow wp-block-column-is-layout-flow\"><\/div>\n<\/div>\n\n\n\n<div class=\"wp-block-columns is-layout-flex wp-container-core-columns-is-layout-2ee31e17 wp-block-columns-is-layout-flex\" style=\"padding-right:var(--wp--preset--spacing--60);padding-left:var(--wp--preset--spacing--60)\">\n<div class=\"wp-block-column is-layout-flow wp-block-column-is-layout-flow\">\n<figure class=\"wp-block-image aligncenter size-full is-resized\"><img loading=\"lazy\" decoding=\"async\" width=\"940\" height=\"788\" src=\"http:\/\/les3clesdelame.com\/wp-content\/uploads\/2025\/05\/22ec4ab1-de36-4ca1-943d-95b31c3519f7.jpeg\" alt=\"\" class=\"wp-image-614\" style=\"aspect-ratio:1;object-fit:cover;width:250px\" srcset=\"https:\/\/les3clesdelame.com\/wp-content\/uploads\/2025\/05\/22ec4ab1-de36-4ca1-943d-95b31c3519f7.jpeg 940w, https:\/\/les3clesdelame.com\/wp-content\/uploads\/2025\/05\/22ec4ab1-de36-4ca1-943d-95b31c3519f7-300x251.jpeg 300w, https:\/\/les3clesdelame.com\/wp-content\/uploads\/2025\/05\/22ec4ab1-de36-4ca1-943d-95b31c3519f7-768x644.jpeg 768w\" sizes=\"auto, (max-width: 940px) 100vw, 940px\" \/><\/figure>\n\n\n\n<p class=\"has-text-align-center\"><strong><mark style=\"background-color:rgba(0, 0, 0, 0);color:#e0bdcd\" class=\"has-inline-color\">Formation soins \u00e9nerg\u00e9tiques<\/mark><\/strong><\/p>\n\n\n\n<p class=\"has-text-align-center has-large-font-size\"><em>Le 01 juin 2025<\/em><\/p>\n<\/div>\n\n\n\n<div class=\"wp-block-column is-layout-flow wp-block-column-is-layout-flow\">\n<figure class=\"wp-block-image aligncenter size-full is-resized\"><img loading=\"lazy\" decoding=\"async\" width=\"940\" height=\"788\" src=\"https:\/\/les3clesdelame.com\/wp-content\/uploads\/2025\/05\/cb62bd90-8abf-4ef1-a6aa-a02319d84931-1.jpeg\" alt=\"\" class=\"wp-image-673\" style=\"aspect-ratio:1;object-fit:cover;width:250px\" srcset=\"https:\/\/les3clesdelame.com\/wp-content\/uploads\/2025\/05\/cb62bd90-8abf-4ef1-a6aa-a02319d84931-1.jpeg 940w, https:\/\/les3clesdelame.com\/wp-content\/uploads\/2025\/05\/cb62bd90-8abf-4ef1-a6aa-a02319d84931-1-300x251.jpeg 300w, https:\/\/les3clesdelame.com\/wp-content\/uploads\/2025\/05\/cb62bd90-8abf-4ef1-a6aa-a02319d84931-1-768x644.jpeg 768w\" sizes=\"auto, (max-width: 940px) 100vw, 940px\" \/><\/figure>\n\n\n\n<p class=\"has-text-align-center\"><strong><mark style=\"background-color:rgba(0, 0, 0, 0);color:#e0bdcd\" class=\"has-inline-color\">Accompagnement et Guidance<\/mark><\/strong><\/p>\n\n\n\n<p class=\"has-text-align-center\"><em>Le 01 juin 2025<\/em><\/p>\n<\/div>\n\n\n\n<div class=\"wp-block-column is-layout-flow wp-block-column-is-layout-flow\">\n<figure class=\"wp-block-image aligncenter size-full is-resized\"><img loading=\"lazy\" decoding=\"async\" width=\"660\" height=\"630\" src=\"https:\/\/les3clesdelame.com\/wp-content\/uploads\/2025\/05\/d5b62d75-8d14-491f-a82c-572a8d9e94a4-1-1.jpg\" alt=\"\" class=\"wp-image-674\" style=\"aspect-ratio:1;object-fit:contain;width:250px\" srcset=\"https:\/\/les3clesdelame.com\/wp-content\/uploads\/2025\/05\/d5b62d75-8d14-491f-a82c-572a8d9e94a4-1-1.jpg 660w, https:\/\/les3clesdelame.com\/wp-content\/uploads\/2025\/05\/d5b62d75-8d14-491f-a82c-572a8d9e94a4-1-1-300x286.jpg 300w\" sizes=\"auto, (max-width: 660px) 100vw, 660px\" \/><\/figure>\n\n\n\n<p class=\"has-text-align-center\"><strong><mark style=\"background-color:rgba(0, 0, 0, 0);color:#e0bdcd\" class=\"has-inline-color\">Formation magn\u00e9tisme<\/mark><\/strong><\/p>\n\n\n\n<p class=\"has-text-align-center\"><em>Le 01 juin 2025<\/em><\/p>\n<\/div>\n<\/div>\n","protected":false},"excerpt":{"rendered":"<p>Ev\u00e8nements \u00e0 venir : Formation soins \u00e9nerg\u00e9tiques Le 01 juin 2025 Accompagnement et Guidance Le 01 juin 2025 Formation magn\u00e9tisme Le 01 juin 2025<\/p>\n","protected":false},"author":1,"featured_media":0,"parent":0,"menu_order":0,"comment_status":"closed","ping_status":"closed","template":"wp-custom-template-modele4","meta":{"footnotes":""},"class_list":["post-307","page","type-page","status-publish","hentry"],"_links":{"self":[{"href":"https:\/\/les3clesdelame.com\/index.php?rest_route=\/wp\/v2\/pages\/307","targetHints":{"allow":["GET"]}}],"collection":[{"href":"https:\/\/les3clesdelame.com\/index.php?rest_route=\/wp\/v2\/pages"}],"about":[{"href":"https:\/\/les3clesdelame.com\/index.php?rest_route=\/wp\/v2\/types\/page"}],"author":[{"embeddable":true,"href":"https:\/\/les3clesdelame.com\/index.php?rest_route=\/wp\/v2\/users\/1"}],"replies":[{"embeddable":true,"href":"https:\/\/les3clesdelame.com\/index.php?rest_route=%2Fwp%2Fv2%2Fcomments&post=307"}],"version-history":[{"count":11,"href":"https:\/\/les3clesdelame.com\/index.php?rest_route=\/wp\/v2\/pages\/307\/revisions"}],"predecessor-version":[{"id":682,"href":"https:\/\/les3clesdelame.com\/index.php?rest_route=\/wp\/v2\/pages\/307\/revisions\/682"}],"wp:attachment":[{"href":"https:\/\/les3clesdelame.com\/index.php?rest_route=%2Fwp%2Fv2%2Fmedia&parent=307"}],"curies":[{"name":"wp","href":"https:\/\/api.w.org\/{rel}","templated":true}]}}