{"id":202,"date":"2025-04-14T22:46:13","date_gmt":"2025-04-14T20:46:13","guid":{"rendered":"https:\/\/les3clesdelame.com\/?page_id=202"},"modified":"2025-05-20T22:38:50","modified_gmt":"2025-05-20T20:38:50","slug":"formations-en-magnetisme-lahochi-et-lahochi-13eme-octave","status":"publish","type":"page","link":"https:\/\/les3clesdelame.com\/?page_id=202","title":{"rendered":"Formations en magn\u00e9tisme, Lahochi, et Lahochi 13\u00e8me octave"},"content":{"rendered":"\n<p>Pour d\u00e9couvrir ou approfondir vos capacit\u00e9s \u00e9nerg\u00e9tiques, vous apprendrez \u00e0 canaliser l\u2019\u00e9nergie pour offrir des soins de gu\u00e9rison puissants et bienveillants. Atelier de d\u00e9veloppement de vos capacit\u00e9s de m\u00e9diumnit\u00e9 et extra-sensorielles : pour mieux comprendre le visible et l&#8217;invisible, nos sensations, nos ressentis.<\/p>\n","protected":false},"excerpt":{"rendered":"<p>Pour d\u00e9couvrir ou approfondir vos capacit\u00e9s \u00e9nerg\u00e9tiques, vous apprendrez \u00e0 canaliser l\u2019\u00e9nergie pour offrir des soins de gu\u00e9rison puissants et bienveillants. Atelier de d\u00e9veloppement de vos capacit\u00e9s de m\u00e9diumnit\u00e9 et extra-sensorielles : pour mieux comprendre le visible et l&#8217;invisible, nos sensations, nos ressentis.<\/p>\n","protected":false},"author":1,"featured_media":0,"parent":0,"menu_order":0,"comment_status":"closed","ping_status":"closed","template":"wp-custom-template-modele4","meta":{"footnotes":""},"class_list":["post-202","page","type-page","status-publish","hentry"],"_links":{"self":[{"href":"https:\/\/les3clesdelame.com\/index.php?rest_route=\/wp\/v2\/pages\/202","targetHints":{"allow":["GET"]}}],"collection":[{"href":"https:\/\/les3clesdelame.com\/index.php?rest_route=\/wp\/v2\/pages"}],"about":[{"href":"https:\/\/les3clesdelame.com\/index.php?rest_route=\/wp\/v2\/types\/page"}],"author":[{"embeddable":true,"href":"https:\/\/les3clesdelame.com\/index.php?rest_route=\/wp\/v2\/users\/1"}],"replies":[{"embeddable":true,"href":"https:\/\/les3clesdelame.com\/index.php?rest_route=%2Fwp%2Fv2%2Fcomments&post=202"}],"version-history":[{"count":2,"href":"https:\/\/les3clesdelame.com\/index.php?rest_route=\/wp\/v2\/pages\/202\/revisions"}],"predecessor-version":[{"id":611,"href":"https:\/\/les3clesdelame.com\/index.php?rest_route=\/wp\/v2\/pages\/202\/revisions\/611"}],"wp:attachment":[{"href":"https:\/\/les3clesdelame.com\/index.php?rest_route=%2Fwp%2Fv2%2Fmedia&parent=202"}],"curies":[{"name":"wp","href":"https:\/\/api.w.org\/{rel}","templated":true}]}}