{"id":199,"date":"2025-04-14T22:46:48","date_gmt":"2025-04-14T20:46:48","guid":{"rendered":"https:\/\/les3clesdelame.com\/?page_id=199"},"modified":"2025-05-20T22:30:31","modified_gmt":"2025-05-20T20:30:31","slug":"constellations-systemiques-thematiques","status":"publish","type":"page","link":"https:\/\/les3clesdelame.com\/?page_id=199","title":{"rendered":"Constellations syst\u00e9miques &#038; th\u00e9matiques"},"content":{"rendered":"\n<p>Orient\u00e9es sur une probl\u00e9matique pr\u00e9cise (argent, sant\u00e9, \u00e9motions, travail, relations\u2026), elles donnent \u00e0 voir les m\u00e9canismes int\u00e9rieurs ou ext\u00e9rieurs qui freinent votre \u00e9lan.<\/p>\n","protected":false},"excerpt":{"rendered":"<p>Orient\u00e9es sur une probl\u00e9matique pr\u00e9cise (argent, sant\u00e9, \u00e9motions, travail, relations\u2026), elles donnent \u00e0 voir les m\u00e9canismes int\u00e9rieurs ou ext\u00e9rieurs qui freinent votre \u00e9lan.<\/p>\n","protected":false},"author":1,"featured_media":0,"parent":0,"menu_order":0,"comment_status":"closed","ping_status":"closed","template":"wp-custom-template-modele4","meta":{"footnotes":""},"class_list":["post-199","page","type-page","status-publish","hentry"],"_links":{"self":[{"href":"https:\/\/les3clesdelame.com\/index.php?rest_route=\/wp\/v2\/pages\/199","targetHints":{"allow":["GET"]}}],"collection":[{"href":"https:\/\/les3clesdelame.com\/index.php?rest_route=\/wp\/v2\/pages"}],"about":[{"href":"https:\/\/les3clesdelame.com\/index.php?rest_route=\/wp\/v2\/types\/page"}],"author":[{"embeddable":true,"href":"https:\/\/les3clesdelame.com\/index.php?rest_route=\/wp\/v2\/users\/1"}],"replies":[{"embeddable":true,"href":"https:\/\/les3clesdelame.com\/index.php?rest_route=%2Fwp%2Fv2%2Fcomments&post=199"}],"version-history":[{"count":3,"href":"https:\/\/les3clesdelame.com\/index.php?rest_route=\/wp\/v2\/pages\/199\/revisions"}],"predecessor-version":[{"id":603,"href":"https:\/\/les3clesdelame.com\/index.php?rest_route=\/wp\/v2\/pages\/199\/revisions\/603"}],"wp:attachment":[{"href":"https:\/\/les3clesdelame.com\/index.php?rest_route=%2Fwp%2Fv2%2Fmedia&parent=199"}],"curies":[{"name":"wp","href":"https:\/\/api.w.org\/{rel}","templated":true}]}}