{"id":198,"date":"2025-04-14T22:47:19","date_gmt":"2025-04-14T20:47:19","guid":{"rendered":"https:\/\/les3clesdelame.com\/?page_id=198"},"modified":"2025-05-20T22:30:06","modified_gmt":"2025-05-20T20:30:06","slug":"constellations-familiales","status":"publish","type":"page","link":"https:\/\/les3clesdelame.com\/?page_id=198","title":{"rendered":"Constellations familiales"},"content":{"rendered":"\n<p>Pour remettre de l\u2019ordre, de l\u2019amour et de la clart\u00e9 dans votre lign\u00e9e. Elles permettent de lib\u00e9rer des loyaut\u00e9s inconscientes, pacifier les liens avec nos anc\u00eatres, et retrouver sa juste place.<\/p>\n","protected":false},"excerpt":{"rendered":"<p>Pour remettre de l\u2019ordre, de l\u2019amour et de la clart\u00e9 dans votre lign\u00e9e. Elles permettent de lib\u00e9rer des loyaut\u00e9s inconscientes, pacifier les liens avec nos anc\u00eatres, et retrouver sa juste place.<\/p>\n","protected":false},"author":1,"featured_media":119,"parent":0,"menu_order":0,"comment_status":"closed","ping_status":"closed","template":"wp-custom-template-modele4","meta":{"footnotes":""},"class_list":["post-198","page","type-page","status-publish","has-post-thumbnail","hentry"],"_links":{"self":[{"href":"https:\/\/les3clesdelame.com\/index.php?rest_route=\/wp\/v2\/pages\/198","targetHints":{"allow":["GET"]}}],"collection":[{"href":"https:\/\/les3clesdelame.com\/index.php?rest_route=\/wp\/v2\/pages"}],"about":[{"href":"https:\/\/les3clesdelame.com\/index.php?rest_route=\/wp\/v2\/types\/page"}],"author":[{"embeddable":true,"href":"https:\/\/les3clesdelame.com\/index.php?rest_route=\/wp\/v2\/users\/1"}],"replies":[{"embeddable":true,"href":"https:\/\/les3clesdelame.com\/index.php?rest_route=%2Fwp%2Fv2%2Fcomments&post=198"}],"version-history":[{"count":3,"href":"https:\/\/les3clesdelame.com\/index.php?rest_route=\/wp\/v2\/pages\/198\/revisions"}],"predecessor-version":[{"id":602,"href":"https:\/\/les3clesdelame.com\/index.php?rest_route=\/wp\/v2\/pages\/198\/revisions\/602"}],"wp:featuredmedia":[{"embeddable":true,"href":"https:\/\/les3clesdelame.com\/index.php?rest_route=\/wp\/v2\/media\/119"}],"wp:attachment":[{"href":"https:\/\/les3clesdelame.com\/index.php?rest_route=%2Fwp%2Fv2%2Fmedia&parent=198"}],"curies":[{"name":"wp","href":"https:\/\/api.w.org\/{rel}","templated":true}]}}