{"id":184,"date":"2025-04-14T22:55:28","date_gmt":"2025-04-14T20:55:28","guid":{"rendered":"https:\/\/les3clesdelame.com\/?page_id=184"},"modified":"2025-05-20T22:26:51","modified_gmt":"2025-05-20T20:26:51","slug":"soin-sanctuaire-de-la-perle-noire","status":"publish","type":"page","link":"https:\/\/les3clesdelame.com\/?page_id=184","title":{"rendered":"Soin Sanctuaire de la Perle Noire"},"content":{"rendered":"\n<div class=\"wp-block-media-text is-stacked-on-mobile\" style=\"grid-template-columns:40% auto\"><figure class=\"wp-block-media-text__media\"><img loading=\"lazy\" decoding=\"async\" width=\"361\" height=\"270\" src=\"http:\/\/les3clesdelame.com\/wp-content\/uploads\/2025\/05\/7880e0e4-73cf-41e7-bcaa-d19367928935.jpeg\" alt=\"\" class=\"wp-image-562 size-full\" srcset=\"https:\/\/les3clesdelame.com\/wp-content\/uploads\/2025\/05\/7880e0e4-73cf-41e7-bcaa-d19367928935.jpeg 361w, https:\/\/les3clesdelame.com\/wp-content\/uploads\/2025\/05\/7880e0e4-73cf-41e7-bcaa-d19367928935-300x224.jpeg 300w\" sizes=\"auto, (max-width: 361px) 100vw, 361px\" \/><\/figure><div class=\"wp-block-media-text__content\">\n<p>Ce soin est une plong\u00e9e au c\u0153ur de votre inconscient. Il permet de lib\u00e9rer des m\u00e9moires anciennes, des douleurs enfouies, ou des blocages profonds, tout en douceur, en vous reconnectant \u00e0 votre essence profonde.<\/p>\n<\/div><\/div>\n","protected":false},"excerpt":{"rendered":"<p>Ce soin est une plong\u00e9e au c\u0153ur de votre inconscient. Il permet de lib\u00e9rer des m\u00e9moires anciennes, des douleurs enfouies, ou des blocages profonds, tout en douceur, en vous reconnectant \u00e0 votre essence profonde.<\/p>\n","protected":false},"author":1,"featured_media":0,"parent":0,"menu_order":0,"comment_status":"closed","ping_status":"closed","template":"wp-custom-template-modele4","meta":{"footnotes":""},"class_list":["post-184","page","type-page","status-publish","hentry"],"_links":{"self":[{"href":"https:\/\/les3clesdelame.com\/index.php?rest_route=\/wp\/v2\/pages\/184","targetHints":{"allow":["GET"]}}],"collection":[{"href":"https:\/\/les3clesdelame.com\/index.php?rest_route=\/wp\/v2\/pages"}],"about":[{"href":"https:\/\/les3clesdelame.com\/index.php?rest_route=\/wp\/v2\/types\/page"}],"author":[{"embeddable":true,"href":"https:\/\/les3clesdelame.com\/index.php?rest_route=\/wp\/v2\/users\/1"}],"replies":[{"embeddable":true,"href":"https:\/\/les3clesdelame.com\/index.php?rest_route=%2Fwp%2Fv2%2Fcomments&post=184"}],"version-history":[{"count":3,"href":"https:\/\/les3clesdelame.com\/index.php?rest_route=\/wp\/v2\/pages\/184\/revisions"}],"predecessor-version":[{"id":563,"href":"https:\/\/les3clesdelame.com\/index.php?rest_route=\/wp\/v2\/pages\/184\/revisions\/563"}],"wp:attachment":[{"href":"https:\/\/les3clesdelame.com\/index.php?rest_route=%2Fwp%2Fv2%2Fmedia&parent=184"}],"curies":[{"name":"wp","href":"https:\/\/api.w.org\/{rel}","templated":true}]}}