{"id":183,"date":"2025-04-14T22:55:18","date_gmt":"2025-04-14T20:55:18","guid":{"rendered":"https:\/\/les3clesdelame.com\/?page_id=183"},"modified":"2025-05-20T22:26:50","modified_gmt":"2025-05-20T20:26:50","slug":"magnetisme","status":"publish","type":"page","link":"https:\/\/les3clesdelame.com\/?page_id=183","title":{"rendered":"Magn\u00e9tisme"},"content":{"rendered":"\n<div class=\"wp-block-media-text is-stacked-on-mobile\" style=\"grid-template-columns:40% auto\"><figure class=\"wp-block-media-text__media\"><img loading=\"lazy\" decoding=\"async\" width=\"319\" height=\"270\" src=\"https:\/\/les3clesdelame.com\/wp-content\/uploads\/2025\/05\/9028ae99-b0a9-41b1-b1c2-436d9e67ce72.jpeg\" alt=\"\" class=\"wp-image-559 size-full\" srcset=\"https:\/\/les3clesdelame.com\/wp-content\/uploads\/2025\/05\/9028ae99-b0a9-41b1-b1c2-436d9e67ce72.jpeg 319w, https:\/\/les3clesdelame.com\/wp-content\/uploads\/2025\/05\/9028ae99-b0a9-41b1-b1c2-436d9e67ce72-300x254.jpeg 300w\" sizes=\"auto, (max-width: 319px) 100vw, 319px\" \/><\/figure><div class=\"wp-block-media-text__content\">\n<p>Je pratique \u00e9galement le magn\u00e9tisme pour nettoyer, lib\u00e9rer, soulager ou revitaliser selon vos besoins : douleurs physiques, fatigue, parasitages \u00e9nerg\u00e9tiques, fuites dans l\u2019aura, d\u00e9s\u00e9quilibres \u00e9motionnels\u2026<\/p>\n<\/div><\/div>\n","protected":false},"excerpt":{"rendered":"<p>Je pratique \u00e9galement le magn\u00e9tisme pour nettoyer, lib\u00e9rer, soulager ou revitaliser selon vos besoins : douleurs physiques, fatigue, parasitages \u00e9nerg\u00e9tiques, fuites dans l\u2019aura, d\u00e9s\u00e9quilibres \u00e9motionnels\u2026<\/p>\n","protected":false},"author":1,"featured_media":0,"parent":0,"menu_order":0,"comment_status":"closed","ping_status":"closed","template":"wp-custom-template-modele4","meta":{"footnotes":""},"class_list":["post-183","page","type-page","status-publish","hentry"],"_links":{"self":[{"href":"https:\/\/les3clesdelame.com\/index.php?rest_route=\/wp\/v2\/pages\/183","targetHints":{"allow":["GET"]}}],"collection":[{"href":"https:\/\/les3clesdelame.com\/index.php?rest_route=\/wp\/v2\/pages"}],"about":[{"href":"https:\/\/les3clesdelame.com\/index.php?rest_route=\/wp\/v2\/types\/page"}],"author":[{"embeddable":true,"href":"https:\/\/les3clesdelame.com\/index.php?rest_route=\/wp\/v2\/users\/1"}],"replies":[{"embeddable":true,"href":"https:\/\/les3clesdelame.com\/index.php?rest_route=%2Fwp%2Fv2%2Fcomments&post=183"}],"version-history":[{"count":4,"href":"https:\/\/les3clesdelame.com\/index.php?rest_route=\/wp\/v2\/pages\/183\/revisions"}],"predecessor-version":[{"id":561,"href":"https:\/\/les3clesdelame.com\/index.php?rest_route=\/wp\/v2\/pages\/183\/revisions\/561"}],"wp:attachment":[{"href":"https:\/\/les3clesdelame.com\/index.php?rest_route=%2Fwp%2Fv2%2Fmedia&parent=183"}],"curies":[{"name":"wp","href":"https:\/\/api.w.org\/{rel}","templated":true}]}}